{"id":2069,"date":"2022-01-30T09:47:21","date_gmt":"2022-01-30T08:47:21","guid":{"rendered":"https:\/\/stag400.pl\/?post_type=product&#038;p=2069"},"modified":"2023-07-06T15:03:59","modified_gmt":"2023-07-06T13:03:59","slug":"equipos-perifericos","status":"publish","type":"product","link":"https:\/\/stag400.pl\/es\/produkt\/equipos-perifericos\/","title":{"rendered":"Equipos perif\u00e9ricos"},"content":{"rendered":"","protected":false},"excerpt":{"rendered":"","protected":false},"featured_media":2528,"comment_status":"open","ping_status":"closed","template":"","meta":{"_acf_changed":false,"inline_featured_image":false},"product_brand":[],"product_cat":[50],"product_tag":[],"class_list":{"0":"post-2069","1":"product","2":"type-product","3":"status-publish","4":"has-post-thumbnail","6":"product_cat-inyeccion-directa","8":"first","9":"instock","10":"shipping-taxable","11":"product-type-simple"},"acf":[],"yoast_head":"<!-- This site is optimized with the Yoast SEO plugin v26.8 - https:\/\/yoast.com\/product\/yoast-seo-wordpress\/ -->\n<title>Equipos perif\u00e9ricos - Stag400<\/title>\n<meta name=\"description\" content=\"Controladores STAG 400.8 DPI, dise\u00f1ados para veh\u00edculos con motores de inyecci\u00f3n directa de 8 cilindros.\" \/>\n<meta name=\"robots\" content=\"index, follow, max-snippet:-1, max-image-preview:large, max-video-preview:-1\" \/>\n<link rel=\"canonical\" href=\"https:\/\/stag400.pl\/es\/produkt\/equipos-perifericos\/\" \/>\n<meta property=\"og:locale\" content=\"es_ES\" \/>\n<meta property=\"og:type\" content=\"article\" \/>\n<meta property=\"og:title\" content=\"Equipos perif\u00e9ricos - Stag400\" \/>\n<meta property=\"og:description\" content=\"Controladores STAG 400.8 DPI, dise\u00f1ados para veh\u00edculos con motores de inyecci\u00f3n directa de 8 cilindros.\" \/>\n<meta property=\"og:url\" content=\"https:\/\/stag400.pl\/es\/produkt\/equipos-perifericos\/\" \/>\n<meta property=\"og:site_name\" content=\"Stag400\" \/>\n<meta property=\"article:modified_time\" content=\"2023-07-06T13:03:59+00:00\" \/>\n<meta name=\"twitter:card\" content=\"summary_large_image\" \/>\n<script type=\"application\/ld+json\" class=\"yoast-schema-graph\">{\"@context\":\"https:\/\/schema.org\",\"@graph\":[{\"@type\":\"WebPage\",\"@id\":\"https:\/\/stag400.pl\/es\/produkt\/equipos-perifericos\/\",\"url\":\"https:\/\/stag400.pl\/es\/produkt\/equipos-perifericos\/\",\"name\":\"Equipos perif\u00e9ricos - Stag400\",\"isPartOf\":{\"@id\":\"https:\/\/stag400.pl\/es\/#website\"},\"primaryImageOfPage\":{\"@id\":\"https:\/\/stag400.pl\/es\/produkt\/equipos-perifericos\/#primaryimage\"},\"image\":{\"@id\":\"https:\/\/stag400.pl\/es\/produkt\/equipos-perifericos\/#primaryimage\"},\"thumbnailUrl\":\"https:\/\/stag400.pl\/wp-content\/uploads\/2023\/07\/FPR.png\",\"datePublished\":\"2022-01-30T08:47:21+00:00\",\"dateModified\":\"2023-07-06T13:03:59+00:00\",\"description\":\"Controladores STAG 400.8 DPI, dise\u00f1ados para veh\u00edculos con motores de inyecci\u00f3n directa de 8 cilindros.\",\"breadcrumb\":{\"@id\":\"https:\/\/stag400.pl\/es\/produkt\/equipos-perifericos\/#breadcrumb\"},\"inLanguage\":\"es\",\"potentialAction\":[{\"@type\":\"ReadAction\",\"target\":[\"https:\/\/stag400.pl\/es\/produkt\/equipos-perifericos\/\"]}]},{\"@type\":\"ImageObject\",\"inLanguage\":\"es\",\"@id\":\"https:\/\/stag400.pl\/es\/produkt\/equipos-perifericos\/#primaryimage\",\"url\":\"https:\/\/stag400.pl\/wp-content\/uploads\/2023\/07\/FPR.png\",\"contentUrl\":\"https:\/\/stag400.pl\/wp-content\/uploads\/2023\/07\/FPR.png\",\"width\":800,\"height\":800,\"caption\":\"El regulador de presi\u00f3n de combustible STAG FPR evita la formaci\u00f3n de una presi\u00f3n excesiva en el ra\u00edl de combustible de un motor de inyecci\u00f3n directa.\"},{\"@type\":\"BreadcrumbList\",\"@id\":\"https:\/\/stag400.pl\/es\/produkt\/equipos-perifericos\/#breadcrumb\",\"itemListElement\":[{\"@type\":\"ListItem\",\"position\":1,\"name\":\"Strona g\u0142\u00f3wna\",\"item\":\"https:\/\/stag400.pl\/es\/\"},{\"@type\":\"ListItem\",\"position\":2,\"name\":\"Productos\",\"item\":\"https:\/\/stag400.pl\/es\/productos\/\"},{\"@type\":\"ListItem\",\"position\":3,\"name\":\"Equipos perif\u00e9ricos\"}]},{\"@type\":\"WebSite\",\"@id\":\"https:\/\/stag400.pl\/es\/#website\",\"url\":\"https:\/\/stag400.pl\/es\/\",\"name\":\"Stag400\",\"description\":\"Stag 400 DPI\",\"potentialAction\":[{\"@type\":\"SearchAction\",\"target\":{\"@type\":\"EntryPoint\",\"urlTemplate\":\"https:\/\/stag400.pl\/es\/?s={search_term_string}\"},\"query-input\":{\"@type\":\"PropertyValueSpecification\",\"valueRequired\":true,\"valueName\":\"search_term_string\"}}],\"inLanguage\":\"es\"}]}<\/script>\n<!-- \/ Yoast SEO plugin. -->","yoast_head_json":{"title":"Equipos perif\u00e9ricos - Stag400","description":"Controladores STAG 400.8 DPI, dise\u00f1ados para veh\u00edculos con motores de inyecci\u00f3n directa de 8 cilindros.","robots":{"index":"index","follow":"follow","max-snippet":"max-snippet:-1","max-image-preview":"max-image-preview:large","max-video-preview":"max-video-preview:-1"},"canonical":"https:\/\/stag400.pl\/es\/produkt\/equipos-perifericos\/","og_locale":"es_ES","og_type":"article","og_title":"Equipos perif\u00e9ricos - Stag400","og_description":"Controladores STAG 400.8 DPI, dise\u00f1ados para veh\u00edculos con motores de inyecci\u00f3n directa de 8 cilindros.","og_url":"https:\/\/stag400.pl\/es\/produkt\/equipos-perifericos\/","og_site_name":"Stag400","article_modified_time":"2023-07-06T13:03:59+00:00","twitter_card":"summary_large_image","schema":{"@context":"https:\/\/schema.org","@graph":[{"@type":"WebPage","@id":"https:\/\/stag400.pl\/es\/produkt\/equipos-perifericos\/","url":"https:\/\/stag400.pl\/es\/produkt\/equipos-perifericos\/","name":"Equipos perif\u00e9ricos - Stag400","isPartOf":{"@id":"https:\/\/stag400.pl\/es\/#website"},"primaryImageOfPage":{"@id":"https:\/\/stag400.pl\/es\/produkt\/equipos-perifericos\/#primaryimage"},"image":{"@id":"https:\/\/stag400.pl\/es\/produkt\/equipos-perifericos\/#primaryimage"},"thumbnailUrl":"https:\/\/stag400.pl\/wp-content\/uploads\/2023\/07\/FPR.png","datePublished":"2022-01-30T08:47:21+00:00","dateModified":"2023-07-06T13:03:59+00:00","description":"Controladores STAG 400.8 DPI, dise\u00f1ados para veh\u00edculos con motores de inyecci\u00f3n directa de 8 cilindros.","breadcrumb":{"@id":"https:\/\/stag400.pl\/es\/produkt\/equipos-perifericos\/#breadcrumb"},"inLanguage":"es","potentialAction":[{"@type":"ReadAction","target":["https:\/\/stag400.pl\/es\/produkt\/equipos-perifericos\/"]}]},{"@type":"ImageObject","inLanguage":"es","@id":"https:\/\/stag400.pl\/es\/produkt\/equipos-perifericos\/#primaryimage","url":"https:\/\/stag400.pl\/wp-content\/uploads\/2023\/07\/FPR.png","contentUrl":"https:\/\/stag400.pl\/wp-content\/uploads\/2023\/07\/FPR.png","width":800,"height":800,"caption":"El regulador de presi\u00f3n de combustible STAG FPR evita la formaci\u00f3n de una presi\u00f3n excesiva en el ra\u00edl de combustible de un motor de inyecci\u00f3n directa."},{"@type":"BreadcrumbList","@id":"https:\/\/stag400.pl\/es\/produkt\/equipos-perifericos\/#breadcrumb","itemListElement":[{"@type":"ListItem","position":1,"name":"Strona g\u0142\u00f3wna","item":"https:\/\/stag400.pl\/es\/"},{"@type":"ListItem","position":2,"name":"Productos","item":"https:\/\/stag400.pl\/es\/productos\/"},{"@type":"ListItem","position":3,"name":"Equipos perif\u00e9ricos"}]},{"@type":"WebSite","@id":"https:\/\/stag400.pl\/es\/#website","url":"https:\/\/stag400.pl\/es\/","name":"Stag400","description":"Stag 400 DPI","potentialAction":[{"@type":"SearchAction","target":{"@type":"EntryPoint","urlTemplate":"https:\/\/stag400.pl\/es\/?s={search_term_string}"},"query-input":{"@type":"PropertyValueSpecification","valueRequired":true,"valueName":"search_term_string"}}],"inLanguage":"es"}]}},"_links":{"self":[{"href":"https:\/\/stag400.pl\/es\/wp-json\/wp\/v2\/product\/2069","targetHints":{"allow":["GET"]}}],"collection":[{"href":"https:\/\/stag400.pl\/es\/wp-json\/wp\/v2\/product"}],"about":[{"href":"https:\/\/stag400.pl\/es\/wp-json\/wp\/v2\/types\/product"}],"replies":[{"embeddable":true,"href":"https:\/\/stag400.pl\/es\/wp-json\/wp\/v2\/comments?post=2069"}],"wp:featuredmedia":[{"embeddable":true,"href":"https:\/\/stag400.pl\/es\/wp-json\/wp\/v2\/media\/2528"}],"wp:attachment":[{"href":"https:\/\/stag400.pl\/es\/wp-json\/wp\/v2\/media?parent=2069"}],"wp:term":[{"taxonomy":"product_brand","embeddable":true,"href":"https:\/\/stag400.pl\/es\/wp-json\/wp\/v2\/product_brand?post=2069"},{"taxonomy":"product_cat","embeddable":true,"href":"https:\/\/stag400.pl\/es\/wp-json\/wp\/v2\/product_cat?post=2069"},{"taxonomy":"product_tag","embeddable":true,"href":"https:\/\/stag400.pl\/es\/wp-json\/wp\/v2\/product_tag?post=2069"}],"curies":[{"name":"wp","href":"https:\/\/api.w.org\/{rel}","templated":true}]}}