{"id":1917,"date":"2023-07-07T08:00:48","date_gmt":"2023-07-07T06:00:48","guid":{"rendered":"https:\/\/stag400.pl\/produkt\/stag-400-8-dpi-es\/"},"modified":"2023-01-05T13:35:57","modified_gmt":"2023-01-05T12:35:57","slug":"stag-400-8-dpi-es","status":"publish","type":"product","link":"https:\/\/stag400.pl\/es\/produkt\/stag-400-8-dpi-es\/","title":{"rendered":"Controladores para hasta 8 cilindros"},"content":{"rendered":"","protected":false},"excerpt":{"rendered":"","protected":false},"featured_media":804,"comment_status":"open","ping_status":"closed","template":"","meta":{"_acf_changed":false,"inline_featured_image":false},"product_brand":[],"product_cat":[50],"product_tag":[],"class_list":{"0":"post-1917","1":"product","2":"type-product","3":"status-publish","4":"has-post-thumbnail","6":"product_cat-inyeccion-directa","8":"first","9":"instock","10":"shipping-taxable","11":"product-type-simple"},"acf":[],"yoast_head":"<!-- This site is optimized with the Yoast SEO plugin v26.8 - https:\/\/yoast.com\/product\/yoast-seo-wordpress\/ -->\n<title>Controladores para hasta 8 cilindros - Stag400<\/title>\n<meta name=\"description\" content=\"Controladores STAG 400.8 DPI, dise\u00f1ados para veh\u00edculos con motores de inyecci\u00f3n directa de 8 cilindros.\" \/>\n<meta name=\"robots\" content=\"index, follow, max-snippet:-1, max-image-preview:large, max-video-preview:-1\" \/>\n<link rel=\"canonical\" href=\"https:\/\/stag400.pl\/es\/produkt\/stag-400-8-dpi-es\/\" \/>\n<meta property=\"og:locale\" content=\"es_ES\" \/>\n<meta property=\"og:type\" content=\"article\" \/>\n<meta property=\"og:title\" content=\"Controladores para hasta 8 cilindros - Stag400\" \/>\n<meta property=\"og:description\" content=\"Controladores STAG 400.8 DPI, dise\u00f1ados para veh\u00edculos con motores de inyecci\u00f3n directa de 8 cilindros.\" \/>\n<meta property=\"og:url\" content=\"https:\/\/stag400.pl\/es\/produkt\/stag-400-8-dpi-es\/\" \/>\n<meta property=\"og:site_name\" content=\"Stag400\" \/>\n<meta property=\"og:image\" content=\"https:\/\/stag400.pl\/wp-content\/uploads\/2022\/10\/STAG-400-8-model-A1-1.png\" \/>\n\t<meta property=\"og:image:width\" content=\"2138\" \/>\n\t<meta property=\"og:image:height\" content=\"1467\" \/>\n\t<meta property=\"og:image:type\" content=\"image\/png\" \/>\n<meta name=\"twitter:card\" content=\"summary_large_image\" \/>\n<script type=\"application\/ld+json\" class=\"yoast-schema-graph\">{\"@context\":\"https:\/\/schema.org\",\"@graph\":[{\"@type\":\"WebPage\",\"@id\":\"https:\/\/stag400.pl\/es\/produkt\/stag-400-8-dpi-es\/\",\"url\":\"https:\/\/stag400.pl\/es\/produkt\/stag-400-8-dpi-es\/\",\"name\":\"Controladores para hasta 8 cilindros - Stag400\",\"isPartOf\":{\"@id\":\"https:\/\/stag400.pl\/es\/#website\"},\"primaryImageOfPage\":{\"@id\":\"https:\/\/stag400.pl\/es\/produkt\/stag-400-8-dpi-es\/#primaryimage\"},\"image\":{\"@id\":\"https:\/\/stag400.pl\/es\/produkt\/stag-400-8-dpi-es\/#primaryimage\"},\"thumbnailUrl\":\"https:\/\/stag400.pl\/wp-content\/uploads\/2022\/10\/STAG-400-8-model-A1-1.png\",\"datePublished\":\"2023-07-07T06:00:48+00:00\",\"description\":\"Controladores STAG 400.8 DPI, dise\u00f1ados para veh\u00edculos con motores de inyecci\u00f3n directa de 8 cilindros.\",\"breadcrumb\":{\"@id\":\"https:\/\/stag400.pl\/es\/produkt\/stag-400-8-dpi-es\/#breadcrumb\"},\"inLanguage\":\"es\",\"potentialAction\":[{\"@type\":\"ReadAction\",\"target\":[\"https:\/\/stag400.pl\/es\/produkt\/stag-400-8-dpi-es\/\"]}]},{\"@type\":\"ImageObject\",\"inLanguage\":\"es\",\"@id\":\"https:\/\/stag400.pl\/es\/produkt\/stag-400-8-dpi-es\/#primaryimage\",\"url\":\"https:\/\/stag400.pl\/wp-content\/uploads\/2022\/10\/STAG-400-8-model-A1-1.png\",\"contentUrl\":\"https:\/\/stag400.pl\/wp-content\/uploads\/2022\/10\/STAG-400-8-model-A1-1.png\",\"width\":2138,\"height\":1467},{\"@type\":\"BreadcrumbList\",\"@id\":\"https:\/\/stag400.pl\/es\/produkt\/stag-400-8-dpi-es\/#breadcrumb\",\"itemListElement\":[{\"@type\":\"ListItem\",\"position\":1,\"name\":\"Strona g\u0142\u00f3wna\",\"item\":\"https:\/\/stag400.pl\/es\/\"},{\"@type\":\"ListItem\",\"position\":2,\"name\":\"Productos\",\"item\":\"https:\/\/stag400.pl\/es\/productos\/\"},{\"@type\":\"ListItem\",\"position\":3,\"name\":\"Controladores para hasta 8 cilindros\"}]},{\"@type\":\"WebSite\",\"@id\":\"https:\/\/stag400.pl\/es\/#website\",\"url\":\"https:\/\/stag400.pl\/es\/\",\"name\":\"Stag400\",\"description\":\"Stag 400 DPI\",\"potentialAction\":[{\"@type\":\"SearchAction\",\"target\":{\"@type\":\"EntryPoint\",\"urlTemplate\":\"https:\/\/stag400.pl\/es\/?s={search_term_string}\"},\"query-input\":{\"@type\":\"PropertyValueSpecification\",\"valueRequired\":true,\"valueName\":\"search_term_string\"}}],\"inLanguage\":\"es\"}]}<\/script>\n<!-- \/ Yoast SEO plugin. -->","yoast_head_json":{"title":"Controladores para hasta 8 cilindros - Stag400","description":"Controladores STAG 400.8 DPI, dise\u00f1ados para veh\u00edculos con motores de inyecci\u00f3n directa de 8 cilindros.","robots":{"index":"index","follow":"follow","max-snippet":"max-snippet:-1","max-image-preview":"max-image-preview:large","max-video-preview":"max-video-preview:-1"},"canonical":"https:\/\/stag400.pl\/es\/produkt\/stag-400-8-dpi-es\/","og_locale":"es_ES","og_type":"article","og_title":"Controladores para hasta 8 cilindros - Stag400","og_description":"Controladores STAG 400.8 DPI, dise\u00f1ados para veh\u00edculos con motores de inyecci\u00f3n directa de 8 cilindros.","og_url":"https:\/\/stag400.pl\/es\/produkt\/stag-400-8-dpi-es\/","og_site_name":"Stag400","og_image":[{"width":2138,"height":1467,"url":"https:\/\/stag400.pl\/wp-content\/uploads\/2022\/10\/STAG-400-8-model-A1-1.png","type":"image\/png"}],"twitter_card":"summary_large_image","schema":{"@context":"https:\/\/schema.org","@graph":[{"@type":"WebPage","@id":"https:\/\/stag400.pl\/es\/produkt\/stag-400-8-dpi-es\/","url":"https:\/\/stag400.pl\/es\/produkt\/stag-400-8-dpi-es\/","name":"Controladores para hasta 8 cilindros - Stag400","isPartOf":{"@id":"https:\/\/stag400.pl\/es\/#website"},"primaryImageOfPage":{"@id":"https:\/\/stag400.pl\/es\/produkt\/stag-400-8-dpi-es\/#primaryimage"},"image":{"@id":"https:\/\/stag400.pl\/es\/produkt\/stag-400-8-dpi-es\/#primaryimage"},"thumbnailUrl":"https:\/\/stag400.pl\/wp-content\/uploads\/2022\/10\/STAG-400-8-model-A1-1.png","datePublished":"2023-07-07T06:00:48+00:00","description":"Controladores STAG 400.8 DPI, dise\u00f1ados para veh\u00edculos con motores de inyecci\u00f3n directa de 8 cilindros.","breadcrumb":{"@id":"https:\/\/stag400.pl\/es\/produkt\/stag-400-8-dpi-es\/#breadcrumb"},"inLanguage":"es","potentialAction":[{"@type":"ReadAction","target":["https:\/\/stag400.pl\/es\/produkt\/stag-400-8-dpi-es\/"]}]},{"@type":"ImageObject","inLanguage":"es","@id":"https:\/\/stag400.pl\/es\/produkt\/stag-400-8-dpi-es\/#primaryimage","url":"https:\/\/stag400.pl\/wp-content\/uploads\/2022\/10\/STAG-400-8-model-A1-1.png","contentUrl":"https:\/\/stag400.pl\/wp-content\/uploads\/2022\/10\/STAG-400-8-model-A1-1.png","width":2138,"height":1467},{"@type":"BreadcrumbList","@id":"https:\/\/stag400.pl\/es\/produkt\/stag-400-8-dpi-es\/#breadcrumb","itemListElement":[{"@type":"ListItem","position":1,"name":"Strona g\u0142\u00f3wna","item":"https:\/\/stag400.pl\/es\/"},{"@type":"ListItem","position":2,"name":"Productos","item":"https:\/\/stag400.pl\/es\/productos\/"},{"@type":"ListItem","position":3,"name":"Controladores para hasta 8 cilindros"}]},{"@type":"WebSite","@id":"https:\/\/stag400.pl\/es\/#website","url":"https:\/\/stag400.pl\/es\/","name":"Stag400","description":"Stag 400 DPI","potentialAction":[{"@type":"SearchAction","target":{"@type":"EntryPoint","urlTemplate":"https:\/\/stag400.pl\/es\/?s={search_term_string}"},"query-input":{"@type":"PropertyValueSpecification","valueRequired":true,"valueName":"search_term_string"}}],"inLanguage":"es"}]}},"_links":{"self":[{"href":"https:\/\/stag400.pl\/es\/wp-json\/wp\/v2\/product\/1917","targetHints":{"allow":["GET"]}}],"collection":[{"href":"https:\/\/stag400.pl\/es\/wp-json\/wp\/v2\/product"}],"about":[{"href":"https:\/\/stag400.pl\/es\/wp-json\/wp\/v2\/types\/product"}],"replies":[{"embeddable":true,"href":"https:\/\/stag400.pl\/es\/wp-json\/wp\/v2\/comments?post=1917"}],"wp:featuredmedia":[{"embeddable":true,"href":"https:\/\/stag400.pl\/es\/wp-json\/wp\/v2\/media\/804"}],"wp:attachment":[{"href":"https:\/\/stag400.pl\/es\/wp-json\/wp\/v2\/media?parent=1917"}],"wp:term":[{"taxonomy":"product_brand","embeddable":true,"href":"https:\/\/stag400.pl\/es\/wp-json\/wp\/v2\/product_brand?post=1917"},{"taxonomy":"product_cat","embeddable":true,"href":"https:\/\/stag400.pl\/es\/wp-json\/wp\/v2\/product_cat?post=1917"},{"taxonomy":"product_tag","embeddable":true,"href":"https:\/\/stag400.pl\/es\/wp-json\/wp\/v2\/product_tag?post=1917"}],"curies":[{"name":"wp","href":"https:\/\/api.w.org\/{rel}","templated":true}]}}